{"id":4560,"date":"2022-12-16T10:56:00","date_gmt":"2022-12-16T08:56:00","guid":{"rendered":"https:\/\/www.campingles5chateaux.com\/?page_id=4560"},"modified":"2025-10-24T13:33:06","modified_gmt":"2025-10-24T11:33:06","slug":"gesetzliche-hinweise","status":"publish","type":"page","link":"https:\/\/www.campingles5chateaux.com\/de\/gesetzliche-hinweise\/","title":{"rendered":"Rechtliche Hinweise"},"content":{"rendered":"<div data-elementor-type=\"wp-page\" data-elementor-id=\"4560\" class=\"elementor elementor-4560\" data-elementor-post-type=\"page\">\n\t\t\t\t<div data-particle_enable=\"false\" data-particle-mobile-disabled=\"false\" class=\"elementor-element elementor-element-4c7ce99 e-flex e-con-boxed e-con e-parent\" data-id=\"4c7ce99\" data-element_type=\"container\" data-settings=\"{&quot;background_background&quot;:&quot;classic&quot;}\">\n\t\t\t\t\t<div class=\"e-con-inner\">\n\t\t\t\t<div class=\"elementor-element elementor-element-fa6de9d elementor-widget elementor-widget-heading\" data-id=\"fa6de9d\" data-element_type=\"widget\" data-widget_type=\"heading.default\">\n\t\t\t\t\t<h2 class=\"elementor-heading-title elementor-size-default\">Rechtliche Hinweise<\/h2>\t\t\t\t<\/div>\n\t\t\t\t<div class=\"elementor-element elementor-element-fb9ef60 elementor-widget elementor-widget-text-editor\" data-id=\"fb9ef60\" data-element_type=\"widget\" data-widget_type=\"text-editor.default\">\n\t\t\t\t\t\t\t\t\t<ul><li><strong><u>REDAKTIONELLE UMSETZUNG<\/u><\/strong><\/li><\/ul><div><p>Die Website ist unter der folgenden Adresse erreichbar: <span style=\"color: #879f85; font-family: Inter, sans-serif;\"><span style=\"font-size: 14.4px;\">https:\/\/www.campingles5chateaux.com\/\u00a0<\/span><\/span>(nachfolgend die \"Website\") ist Eigentum von:<\/p><p>Name oder Firmenname: CINQ CH\u00c2TEAUX<\/p><ul><li><b><u>Rechtsform\u00a0<\/u><\/b>Vereinfachte Aktiengesellschaft (Gesellschaft mit einem einzigen Gesellschafter)<\/li><li><b><u>Gesellschaftskapital\u00a0<\/u><\/b>10.000,00 Euro<\/li><li><u><b>Adresse des Hauptsitzes\u00a0<\/b><\/u>Ort: La Cabane 24220 V\u00e9zac<\/li><li><b><u>Hauptt\u00e4tigkeiten\u00a0<\/u><\/b>Beteiligung an allen Gesellschaften oder Unternehmen durch Einlagen, \u00dcbernahmen, Fusionen oder andere Ma\u00dfnahmen; Verwaltung dieser Beteiligungen sowie Erbringung von Dienstleistungen f\u00fcr Gesellschaften oder Unternehmen, Beratung, Unterst\u00fctzung und Pr\u00fcfung, Aus\u00fcbung von Gesellschaftsmandaten in allen Gesellschaften.<\/li><\/ul><p>Tel.: + 33 (0)5 53 29 52 28<\/p><p>E-Mail:\u00a0<a href=\"mailto:camping@les5chateaux.com\">kontakt@l<\/a>es5chateaux.com<\/p><p>Verantwortlich f\u00fcr die Ver\u00f6ffentlichung ist Marina LE TROADEC.<\/p><\/div><ul><li><u>IDENTIT\u00c4T UND KONTAKTDATEN DES HOSTS<\/u><\/li><\/ul><p>Diese Website ist untergebracht bei :<\/p><ul><li>OVH SAS<\/li><li>2 Rue Kellermann<\/li><li>59100 Roubaix - Frankreich<\/li><li>Tel: 09 72 10 10 07<\/li><\/ul><div>\u00a0<\/div><ul><li><strong><u>REPRODUKTIONSRECHTE<\/u><\/strong><strong><u>CTION<\/u><\/strong><\/li><\/ul><p>Alle Inhalte auf der Website sind und bleiben Eigentum des Centre d'Information sur la Pr\u00e9vention des difficult\u00e9s des entreprises (im Folgenden \"SAS CINQ CH\u00c2TEAUX\") und unterliegen daher dem Urheberrecht.<\/p><p>Die Marken von SAS CINQ CH\u00c2TEAUX sowie die Logos auf der Website wurden beim INPI registriert oder sind Eigentum der Partner von SAS CINQ CH\u00c2TEAUX. Jede vollst\u00e4ndige oder teilweise Vervielf\u00e4ltigung dieser Marken oder Logos aus den Elementen der Website ohne ausdr\u00fcckliche Genehmigung von SAS CINQ CH\u00c2TEAUX auf jedwedem Tr\u00e4ger ist gem\u00e4\u00df Artikel L.713-2 ff. des Gesetzes \u00fcber geistiges Eigentum strengstens untersagt.<\/p><p><span style=\"text-decoration: underline;\"><strong>Fotos, Illustrationen und Ikonen<\/strong><\/span><\/p><p data-start=\"340\" data-end=\"464\">Die visuellen Elemente auf dieser Website (Fotos, Illustrationen, Piktogramme und Icons) stammen aus verschiedenen Quellen:<\/p><ul data-start=\"466\" data-end=\"1123\"><li data-start=\"466\" data-end=\"557\"><p data-start=\"468\" data-end=\"557\"><strong data-start=\"468\" data-end=\"498\">Pers\u00f6nliche Fotografien<\/strong> Alle Rechte vorbehalten.<\/p><\/li><li data-start=\"558\" data-end=\"753\"><p data-start=\"560\" data-end=\"753\"><strong data-start=\"560\" data-end=\"592\">Illustrative Fotografien<\/strong> Die Ergebnisse der Plattform <a class=\"decorated-link\" href=\"https:\/\/elements.envato.com\/fr\/photos\/\" target=\"_new\" rel=\"noopener\" data-start=\"619\" data-end=\"680\"><strong data-start=\"620\" data-end=\"639\">Envato Elements<\/strong><\/a>, Diese Website enth\u00e4lt eine Reihe von Materialien, die unter aktiver Lizenz verwendet werden und speziell f\u00fcr diese Website bestimmt sind.<\/p><\/li><li data-start=\"754\" data-end=\"920\"><p data-start=\"756\" data-end=\"920\"><strong data-start=\"756\" data-end=\"810\">Fotografien des Syndicat des Campings de Dordogne<\/strong> : \u00a9 <em data-start=\"815\" data-end=\"832\">Thomas Gambelin<\/em>, Die Daten werden mit Genehmigung im Rahmen der touristischen Werbung f\u00fcr das Gebiet verwendet.<\/p><\/li><li data-start=\"921\" data-end=\"1123\"><p data-start=\"923\" data-end=\"1123\"><strong data-start=\"923\" data-end=\"949\">Icons und Piktogramme<\/strong> : aus <a class=\"decorated-link cursor-pointer\" href=\"https:\/\/www.flaticon.com\/\" target=\"_new\" rel=\"noopener\" data-start=\"965\" data-end=\"1006\"><strong data-start=\"966\" data-end=\"978\">Flaticon<\/strong><\/a>, Die Website wird in \u00dcbereinstimmung mit ihren Nutzungsbedingungen betrieben.<\/p><\/li><\/ul><p data-start=\"1125\" data-end=\"1329\">Das gesamte Bildmaterial ist durch das Urheberrecht und die damit verbundenen Lizenzen gesch\u00fctzt.<br data-start=\"1225\" data-end=\"1228\" \/>Jede nicht genehmigte Vervielf\u00e4ltigung, \u00c4nderung, Verbreitung oder Wiederverwendung ist strengstens untersagt.<\/p><blockquote data-start=\"1331\" data-end=\"1427\"><p data-start=\"1333\" data-end=\"1427\">Envato Elements \/ \u00a9 Thomas Gambelin \/ \u00a9 Flaticon \/ \u00a9 Herausgeber der Website - Alle Rechte vorbehalten.<\/p><\/blockquote><ul><li><strong><u>SCHUTZ VON PERS\u00d6NLICHEN DATEN\u00a0\u00a0<\/u><\/strong><\/li><\/ul><p>SAS CINQ CH\u00c2TEAUX setzt sich kontinuierlich f\u00fcr den Schutz der pers\u00f6nlichen Daten seiner Internetnutzer ein, in \u00dcbereinstimmung mit dem geltenden franz\u00f6sischen Datenschutzgesetz vom 6. Januar 1978 (nachstehend \"LIL\") und der EU-Verordnung Nr. 2016\/679, der sogenannten Allgemeinen Datenschutzverordnung (nachstehend \"GDPR\").<\/p><p>\"Nutzer\" bezeichnet jede Person, die eine oder mehrere Seiten der Website besucht, um kostenlos verf\u00fcgbare Informationen abzurufen und\/oder eine von SAS CINQ CH\u00c2TEAUX auf der Website angebotene Dienstleistung in Anspruch zu nehmen. Bei den Nutzern handelt es sich in der Regel um Unternehmer in Schwierigkeiten, CIP-Freiwillige, Journalisten und Institutionen.<\/p><ul><li><strong>IDENTIT\u00c4T UND KONTAKTDATEN DES F\u00dcR DIE VERARBEITUNG VERANTWORTLICHEN<\/strong><\/li><\/ul><p>Der f\u00fcr die Verarbeitung Verantwortliche ist nach der DSGVO die Person, die die Mittel und Zwecke der Verarbeitung festlegt.<\/p><ul><li><strong>ART DER VERARBEITETEN PERSONENBEZOGENEN DATEN\u00a0<\/strong><\/li><\/ul><p>Nach dem LIL und der DSGVO sind alle Informationen \u00fcber eine nat\u00fcrliche Person, die direkt oder indirekt durch Bezugnahme auf eine Identifikationsnummer oder ein oder mehrere Elemente, die ihr eigen sind, identifiziert wird oder identifiziert werden kann, personenbezogene Daten.<\/p><p>SAS CINQ CH\u00c2TEAUX stellt sicher, dass nur Daten gesammelt und verarbeitet werden, die f\u00fcr den Zweck, f\u00fcr den sie verarbeitet werden, unbedingt erforderlich sind, gem\u00e4\u00df dem Prinzip der Datenminimierung, wie in Artikel 5-1 c) der DSGVO definiert.<\/p><p>Pers\u00f6nliche Daten zur Identifizierung (Name, Vorname) und Kontaktdaten (E-Mail-Adresse) werden \u00fcber das Kontaktformular gesammelt.<\/p><ul><li><strong>ZWECK DER BEHANDLUNG<\/strong><\/li><\/ul><p>Die oben genannten pers\u00f6nlichen Daten, die von den Nutzern gesammelt werden, werden ausschlie\u00dflich von SAS CINQ CH\u00c2TEAUX verwendet und dienen den folgenden Zwecken:<\/p><ul><li>Eine Ferienunterkunft zu buchen<\/li><li>Verwaltung von Anfragen oder Austausch von Informationen (Kontaktformular).<\/li><\/ul><p>Es findet keine automatisierte Entscheidungsfindung im Sinne von Artikel 13.2 f DSGVO mit Hilfe der gesammelten personenbezogenen Daten statt.<\/p><p>Im Falle einer Weiterverarbeitung der personenbezogenen Daten f\u00fcr andere Zwecke als die, f\u00fcr die die personenbezogenen Daten gesammelt wurden und die oben identifiziert wurden, stellt der f\u00fcr die Verarbeitung Verantwortliche der betroffenen Person vorab Informationen \u00fcber diesen anderen Zweck und alle anderen relevanten Informationen zur Verf\u00fcgung, die erforderlich sind, bevor die Zustimmung der betroffenen Person eingeholt wird.<\/p><ul><li><strong>RECHTSGRUNDLAGE DER BEHANDLUNG<\/strong><\/li><\/ul><p>Alle pers\u00f6nlichen Daten der Nutzer werden direkt von den Nutzern erhoben. Die Verarbeitung dieser pers\u00f6nlichen Daten beruht auf dem legitimen Interesse von SAS CINQ CH\u00c2TEAUX, die Leiter von Unternehmen in Schwierigkeiten mit Fachleuten zusammenzubringen, um ihnen bei der Suche nach L\u00f6sungen zu helfen.<\/p><ul><li><strong>EMPF\u00c4NGER DER PERS\u00d6NLICHEN DATEN<\/strong><\/li><\/ul><p>Personenbezogene Daten werden nur von Personen verarbeitet, die von dem f\u00fcr die Verarbeitung Verantwortlichen im Hinblick auf die von ihnen ausge\u00fcbten Aufgaben dazu befugt sind.<\/p><ul><li><strong>ORT DER VERARBEITUNG VON PERS\u00d6NLICHEN DATEN<\/strong><\/li><\/ul><p>Die von SAS CINQ CH\u00c2TEAUX durchgef\u00fchrte Datenverarbeitung findet ausschlie\u00dflich in Frankreich statt.<\/p><ul><li><strong>DAUER DER SPEICHERUNG VON PERS\u00d6NLICHEN DATEN<\/strong><\/li><\/ul><p>Personenbezogene Daten werden nur so lange aufbewahrt, wie es f\u00fcr die Erf\u00fcllung des Zwecks, der mit der Verarbeitung der personenbezogenen Daten verfolgt wird, erforderlich ist.<\/p><p>So werden die \u00fcber das Kontaktformular gesammelten Daten f\u00fcr die Dauer der Bearbeitung der Informationsanfrage oder f\u00fcr die Dauer des Austauschs aufbewahrt.<\/p><p>Daten, die mit Hilfe von Cookies gesammelt werden, werden 13 Monate lang gespeichert.<\/p><ul><li><strong>Die Rechte der BENUTZER<\/strong><\/li><\/ul><p>Die Nutzer haben das Recht auf Zugang, Berichtigung, Einschr\u00e4nkung, Widerspruch aus legitimen Gr\u00fcnden, das Recht, vergessen zu werden, und das Recht auf \u00dcbertragbarkeit, vorbehaltlich der geltenden Gesetze und Vorschriften.<\/p><p>Diese Rechte k\u00f6nnen Sie per Post aus\u00fcben, indem Sie sich ausweisen:<\/p><ul><li>oder per Post: Camping les 5 Ch\u00e2teaux - z.Hd. von Marina LETROADEC,<div>lieu dit La Cabane, La Cabane, 24220 Vezac<\/div><\/li><li>oder per E-Mail an: camping@les5chateaux.com.<\/li><\/ul><div>\u00a0<\/div><ul><li><strong>COOKIES<\/strong><\/li><\/ul><p>Gem\u00e4\u00df der Definition der Commission Nationale de l'Informatique et des Libert\u00e9s (CNIL) ist ein \"Cookie\" eine Folge von Informationen, normalerweise von kleiner Gr\u00f6\u00dfe und mit einem Namen versehen, die von einer Website, auf der Sie sich einloggen, an Ihren Browser \u00fcbermittelt werden kann. Ihr Webbrowser speichert es f\u00fcr eine bestimmte Zeit und sendet es an den Webserver zur\u00fcck, wenn Sie sich erneut anmelden. Cookies haben eine Vielzahl von Verwendungszwecken: Sie k\u00f6nnen dazu dienen, Ihre Kunden-ID bei einem Online-Shop zu speichern, den aktuellen Inhalt Ihres Einkaufswagens, eine ID, die es erm\u00f6glicht, Ihre Navigation f\u00fcr statistische oder Werbezwecke zu verfolgen, usw.\".<\/p><p>Die Verwendung von Cookies unterliegt der Zustimmung des Nutzers, wenn sie nicht unbedingt f\u00fcr den Betrieb der betreffenden Website erforderlich sind.<\/p><p>Der Nutzer kann seinen Browser auch so konfigurieren, dass er entscheiden kann, ob er Cookies akzeptieren will oder nicht, so dass Cookies im Terminal gespeichert oder abgelehnt werden, entweder systematisch oder je nachdem, von wem sie stammen.<\/p><p>Der Nutzer kann sich jederzeit daf\u00fcr entscheiden, seine W\u00fcnsche in Bezug auf Cookies zu \u00e4u\u00dfern und zu \u00e4ndern.<\/p><p>SAS CINQ CH\u00c2TEAUX setzt auf seiner Website Cookies von Drittanwendungen (Drittanbieter-Cookies) ein, die das Einf\u00fcgen von Videoplayern auf der Website erm\u00f6glichen. Oder f\u00fcr die Verschl\u00fcsselung der Website https:\/\/www.campingles5chateaux.com\/<\/p>\t\t\t\t\t\t\t\t<\/div>\n\t\t\t\t\t<\/div>\n\t\t\t\t<\/div>\n\t\t\t\t<\/div>","protected":false},"excerpt":{"rendered":"<p>Mentions L\u00e9gales R\u00c9ALISATION \u00c9DITORIALE Le site accessible \u00e0 l\u2019adresse suivante\u00a0: https:\/\/www.campingles5chateaux.com\/\u00a0(ci-apr\u00e8s le \u00ab Site \u00bb) est la propri\u00e9t\u00e9 de: D\u00e9nomination ou raison sociale:\u00a0 CINQ CH\u00c2TEAUX Forme juridique\u00a0: Soci\u00e9t\u00e9 par actions simplifi\u00e9e (Soci\u00e9t\u00e9 \u00e0 associ\u00e9 unique) Capital social\u00a0: 10 000,00 Euros Adresse du si\u00e8ge\u00a0: lieu-dit La Cabane 24220 V\u00e9zac Activit\u00e9s principales\u00a0: Toute activit\u00e9 de camping et [&hellip;]<\/p>","protected":false},"author":1,"featured_media":0,"parent":0,"menu_order":2,"comment_status":"closed","ping_status":"closed","template":"elementor_header_footer","meta":{"footnotes":""},"class_list":["post-4560","page","type-page","status-publish","hentry"],"yoast_head":"<!-- This site is optimized with the Yoast SEO Premium plugin v26.7 (Yoast SEO v26.7) - https:\/\/yoast.com\/wordpress\/plugins\/seo\/ -->\n<title>Mentions L\u00e9gales - Camping Dordogne Les CINQ Ch\u00e2teaux | P\u00e9rigord Noir<\/title>\n<meta name=\"robots\" content=\"index, follow, max-snippet:-1, max-image-preview:large, max-video-preview:-1\" \/>\n<link rel=\"canonical\" href=\"https:\/\/www.campingles5chateaux.com\/de\/gesetzliche-hinweise\/\" \/>\n<meta property=\"og:locale\" content=\"de_DE\" \/>\n<meta property=\"og:type\" content=\"article\" \/>\n<meta property=\"og:title\" content=\"Mentions L\u00e9gales\" \/>\n<meta property=\"og:description\" content=\"Mentions L\u00e9gales R\u00c9ALISATION \u00c9DITORIALE Le site accessible \u00e0 l\u2019adresse suivante\u00a0: https:\/\/www.campingles5chateaux.com\/\u00a0(ci-apr\u00e8s le \u00ab Site \u00bb) est la propri\u00e9t\u00e9 de: D\u00e9nomination ou raison sociale:\u00a0 CINQ CH\u00c2TEAUX Forme juridique\u00a0: Soci\u00e9t\u00e9 par actions simplifi\u00e9e (Soci\u00e9t\u00e9 \u00e0 associ\u00e9 unique) Capital social\u00a0: 10 000,00 Euros Adresse du si\u00e8ge\u00a0: lieu-dit La Cabane 24220 V\u00e9zac Activit\u00e9s principales\u00a0: Toute activit\u00e9 de camping et [&hellip;]\" \/>\n<meta property=\"og:url\" content=\"https:\/\/www.campingles5chateaux.com\/de\/gesetzliche-hinweise\/\" \/>\n<meta property=\"og:site_name\" content=\"Camping Dordogne Les CINQ Ch\u00e2teaux | P\u00e9rigord Noir\" \/>\n<meta property=\"article:publisher\" content=\"https:\/\/www.facebook.com\/profile.php?id=100085429666300\" \/>\n<meta property=\"article:modified_time\" content=\"2025-10-24T11:33:06+00:00\" \/>\n<meta property=\"og:image\" content=\"https:\/\/www.campingles5chateaux.com\/wp-content\/uploads\/2022\/10\/logo-camping-5-chateaux-320.png\" \/>\n\t<meta property=\"og:image:width\" content=\"320\" \/>\n\t<meta property=\"og:image:height\" content=\"320\" \/>\n\t<meta property=\"og:image:type\" content=\"image\/png\" \/>\n<meta name=\"twitter:card\" content=\"summary_large_image\" \/>\n<script type=\"application\/ld+json\" class=\"yoast-schema-graph\">{\"@context\":\"https:\/\/schema.org\",\"@graph\":[{\"@type\":\"WebPage\",\"@id\":\"https:\/\/www.campingles5chateaux.com\/mentions-legales\/\",\"url\":\"https:\/\/www.campingles5chateaux.com\/mentions-legales\/\",\"name\":\"Mentions L\u00e9gales - Camping Dordogne Les CINQ Ch\u00e2teaux | P\u00e9rigord Noir\",\"isPartOf\":{\"@id\":\"https:\/\/www.campingles5chateaux.com\/#website\"},\"datePublished\":\"2022-12-16T08:56:00+00:00\",\"dateModified\":\"2025-10-24T11:33:06+00:00\",\"breadcrumb\":{\"@id\":\"https:\/\/www.campingles5chateaux.com\/mentions-legales\/#breadcrumb\"},\"inLanguage\":\"de\",\"potentialAction\":[{\"@type\":\"ReadAction\",\"target\":[\"https:\/\/www.campingles5chateaux.com\/mentions-legales\/\"]}]},{\"@type\":\"BreadcrumbList\",\"@id\":\"https:\/\/www.campingles5chateaux.com\/mentions-legales\/#breadcrumb\",\"itemListElement\":[{\"@type\":\"ListItem\",\"position\":1,\"name\":\"Camping les 5 ch\u00e2teaux\",\"item\":\"https:\/\/www.campingles5chateaux.com\/\"},{\"@type\":\"ListItem\",\"position\":2,\"name\":\"Mentions L\u00e9gales\"}]},{\"@type\":\"WebSite\",\"@id\":\"https:\/\/www.campingles5chateaux.com\/#website\",\"url\":\"https:\/\/www.campingles5chateaux.com\/\",\"name\":\"Camping Dordogne Les CINQ Ch\u00e2teaux [ P\u00e9rigord Noir ]\",\"description\":\"Rives de Dordogne\",\"publisher\":{\"@id\":\"https:\/\/www.campingles5chateaux.com\/#organization\"},\"alternateName\":\"Camping les 5 ch\u00e2teaux | Dordogne - P\u00e9rigord Noir\",\"potentialAction\":[{\"@type\":\"SearchAction\",\"target\":{\"@type\":\"EntryPoint\",\"urlTemplate\":\"https:\/\/www.campingles5chateaux.com\/?s={search_term_string}\"},\"query-input\":{\"@type\":\"PropertyValueSpecification\",\"valueRequired\":true,\"valueName\":\"search_term_string\"}}],\"inLanguage\":\"de\"},{\"@type\":\"Organization\",\"@id\":\"https:\/\/www.campingles5chateaux.com\/#organization\",\"name\":\"Camping Dordogne Les CINQ Ch\u00e2teaux [ P\u00e9rigord Noir ]\",\"alternateName\":\"Camping les 5 ch\u00e2teaux | Dordogne - P\u00e9rigord Noir\",\"url\":\"https:\/\/www.campingles5chateaux.com\/\",\"logo\":{\"@type\":\"ImageObject\",\"inLanguage\":\"de\",\"@id\":\"https:\/\/www.campingles5chateaux.com\/#\/schema\/logo\/image\/\",\"url\":\"https:\/\/www.campingles5chateaux.com\/wp-content\/uploads\/2023\/12\/logo-2024-caamping-les-5-chateaux-200x200-1.png\",\"contentUrl\":\"https:\/\/www.campingles5chateaux.com\/wp-content\/uploads\/2023\/12\/logo-2024-caamping-les-5-chateaux-200x200-1.png\",\"width\":200,\"height\":200,\"caption\":\"Camping Dordogne Les CINQ Ch\u00e2teaux [ P\u00e9rigord Noir ]\"},\"image\":{\"@id\":\"https:\/\/www.campingles5chateaux.com\/#\/schema\/logo\/image\/\"},\"sameAs\":[\"https:\/\/www.facebook.com\/profile.php?id=100085429666300\",\"https:\/\/www.youtube.com\/@campingles5chateaux\/featured\"]}]}<\/script>\n<!-- \/ Yoast SEO Premium plugin. -->","yoast_head_json":{"title":"Rechtliche Hinweise - Camping Dordogne Les CINQ Ch\u00e2teaux | P\u00e9rigord Noir","robots":{"index":"index","follow":"follow","max-snippet":"max-snippet:-1","max-image-preview":"max-image-preview:large","max-video-preview":"max-video-preview:-1"},"canonical":"https:\/\/www.campingles5chateaux.com\/de\/gesetzliche-hinweise\/","og_locale":"de_DE","og_type":"article","og_title":"Mentions L\u00e9gales","og_description":"Mentions L\u00e9gales R\u00c9ALISATION \u00c9DITORIALE Le site accessible \u00e0 l\u2019adresse suivante\u00a0: https:\/\/www.campingles5chateaux.com\/\u00a0(ci-apr\u00e8s le \u00ab Site \u00bb) est la propri\u00e9t\u00e9 de: D\u00e9nomination ou raison sociale:\u00a0 CINQ CH\u00c2TEAUX Forme juridique\u00a0: Soci\u00e9t\u00e9 par actions simplifi\u00e9e (Soci\u00e9t\u00e9 \u00e0 associ\u00e9 unique) Capital social\u00a0: 10 000,00 Euros Adresse du si\u00e8ge\u00a0: lieu-dit La Cabane 24220 V\u00e9zac Activit\u00e9s principales\u00a0: Toute activit\u00e9 de camping et [&hellip;]","og_url":"https:\/\/www.campingles5chateaux.com\/de\/gesetzliche-hinweise\/","og_site_name":"Camping Dordogne Les CINQ Ch\u00e2teaux | P\u00e9rigord Noir","article_publisher":"https:\/\/www.facebook.com\/profile.php?id=100085429666300","article_modified_time":"2025-10-24T11:33:06+00:00","og_image":[{"width":320,"height":320,"url":"https:\/\/www.campingles5chateaux.com\/wp-content\/uploads\/2022\/10\/logo-camping-5-chateaux-320.png","type":"image\/png"}],"twitter_card":"summary_large_image","schema":{"@context":"https:\/\/schema.org","@graph":[{"@type":"WebPage","@id":"https:\/\/www.campingles5chateaux.com\/mentions-legales\/","url":"https:\/\/www.campingles5chateaux.com\/mentions-legales\/","name":"Rechtliche Hinweise - Camping Dordogne Les CINQ Ch\u00e2teaux | P\u00e9rigord Noir","isPartOf":{"@id":"https:\/\/www.campingles5chateaux.com\/#website"},"datePublished":"2022-12-16T08:56:00+00:00","dateModified":"2025-10-24T11:33:06+00:00","breadcrumb":{"@id":"https:\/\/www.campingles5chateaux.com\/mentions-legales\/#breadcrumb"},"inLanguage":"de","potentialAction":[{"@type":"ReadAction","target":["https:\/\/www.campingles5chateaux.com\/mentions-legales\/"]}]},{"@type":"BreadcrumbList","@id":"https:\/\/www.campingles5chateaux.com\/mentions-legales\/#breadcrumb","itemListElement":[{"@type":"ListItem","position":1,"name":"Camping les 5 ch\u00e2teaux","item":"https:\/\/www.campingles5chateaux.com\/"},{"@type":"ListItem","position":2,"name":"Mentions L\u00e9gales"}]},{"@type":"WebSite","@id":"https:\/\/www.campingles5chateaux.com\/#website","url":"https:\/\/www.campingles5chateaux.com\/","name":"Campingplatz Dordogne Les CINQ Ch\u00e2teaux [ P\u00e9rigord Noir ]","description":"Ufer der Dordogne","publisher":{"@id":"https:\/\/www.campingles5chateaux.com\/#organization"},"alternateName":"Camping les 5 ch\u00e2teaux | Dordogne - P\u00e9rigord Noir","potentialAction":[{"@type":"SearchAction","target":{"@type":"EntryPoint","urlTemplate":"https:\/\/www.campingles5chateaux.com\/?s={search_term_string}"},"query-input":{"@type":"PropertyValueSpecification","valueRequired":true,"valueName":"search_term_string"}}],"inLanguage":"de"},{"@type":"Organization","@id":"https:\/\/www.campingles5chateaux.com\/#organization","name":"Campingplatz Dordogne Les CINQ Ch\u00e2teaux [ P\u00e9rigord Noir ]","alternateName":"Camping les 5 ch\u00e2teaux | Dordogne - P\u00e9rigord Noir","url":"https:\/\/www.campingles5chateaux.com\/","logo":{"@type":"ImageObject","inLanguage":"de","@id":"https:\/\/www.campingles5chateaux.com\/#\/schema\/logo\/image\/","url":"https:\/\/www.campingles5chateaux.com\/wp-content\/uploads\/2023\/12\/logo-2024-caamping-les-5-chateaux-200x200-1.png","contentUrl":"https:\/\/www.campingles5chateaux.com\/wp-content\/uploads\/2023\/12\/logo-2024-caamping-les-5-chateaux-200x200-1.png","width":200,"height":200,"caption":"Camping Dordogne Les CINQ Ch\u00e2teaux [ P\u00e9rigord Noir ]"},"image":{"@id":"https:\/\/www.campingles5chateaux.com\/#\/schema\/logo\/image\/"},"sameAs":["https:\/\/www.facebook.com\/profile.php?id=100085429666300","https:\/\/www.youtube.com\/@campingles5chateaux\/featured"]}]}},"_links":{"self":[{"href":"https:\/\/www.campingles5chateaux.com\/de\/wp-json\/wp\/v2\/pages\/4560","targetHints":{"allow":["GET"]}}],"collection":[{"href":"https:\/\/www.campingles5chateaux.com\/de\/wp-json\/wp\/v2\/pages"}],"about":[{"href":"https:\/\/www.campingles5chateaux.com\/de\/wp-json\/wp\/v2\/types\/page"}],"author":[{"embeddable":true,"href":"https:\/\/www.campingles5chateaux.com\/de\/wp-json\/wp\/v2\/users\/1"}],"replies":[{"embeddable":true,"href":"https:\/\/www.campingles5chateaux.com\/de\/wp-json\/wp\/v2\/comments?post=4560"}],"version-history":[{"count":0,"href":"https:\/\/www.campingles5chateaux.com\/de\/wp-json\/wp\/v2\/pages\/4560\/revisions"}],"wp:attachment":[{"href":"https:\/\/www.campingles5chateaux.com\/de\/wp-json\/wp\/v2\/media?parent=4560"}],"curies":[{"name":"wp","href":"https:\/\/api.w.org\/{rel}","templated":true}]}}