{"id":7889,"date":"2026-01-19T14:57:08","date_gmt":"2026-01-19T12:57:08","guid":{"rendered":"https:\/\/www.campingles5chateaux.com\/?page_id=7889"},"modified":"2026-01-19T15:04:23","modified_gmt":"2026-01-19T13:04:23","slug":"spielregeln-fur-das-gewinnspiel-st-valentin-2026","status":"publish","type":"page","link":"https:\/\/www.campingles5chateaux.com\/de\/reglement-du-jeu-concours-st-valentin-2026\/","title":{"rendered":"REGELUNGEN F\u00dcR DAS GEWINNSPIEL - Valentinstag-2026"},"content":{"rendered":"<div data-elementor-type=\"wp-page\" data-elementor-id=\"7889\" class=\"elementor elementor-7889\" data-elementor-post-type=\"page\">\n\t\t\t\t<div data-particle_enable=\"false\" data-particle-mobile-disabled=\"false\" class=\"elementor-element elementor-element-76764a4 e-flex e-con-boxed e-con e-parent\" data-id=\"76764a4\" data-element_type=\"container\" data-e-type=\"container\" data-settings=\"{&quot;background_background&quot;:&quot;classic&quot;}\">\n\t\t\t\t\t<div class=\"e-con-inner\">\n\t\t\t\t<div class=\"elementor-element elementor-element-fa6de9d elementor-widget elementor-widget-heading\" data-id=\"fa6de9d\" data-element_type=\"widget\" data-e-type=\"widget\" data-widget_type=\"heading.default\">\n\t\t\t\t\t<h2 class=\"elementor-heading-title elementor-size-default\">SPIELREGELN DES WETTBEWERBS<\/h2>\t\t\t\t<\/div>\n\t\t\t\t<div class=\"elementor-element elementor-element-c4b5c21 elementor-widget elementor-widget-heading\" data-id=\"c4b5c21\" data-element_type=\"widget\" data-e-type=\"widget\" data-widget_type=\"heading.default\">\n\t\t\t\t\t<h2 class=\"elementor-heading-title elementor-size-default\">Valentinstags-Special 2026<\/h2>\t\t\t\t<\/div>\n\t\t\t\t<div class=\"elementor-element elementor-element-5fbdc01 elementor-widget elementor-widget-heading\" data-id=\"5fbdc01\" data-element_type=\"widget\" data-e-type=\"widget\" data-widget_type=\"heading.default\">\n\t\t\t\t\t<h2 class=\"elementor-heading-title elementor-size-default\">\"Romantisches Wochenende im Hei\u00dfluftballon\"<\/h2>\t\t\t\t<\/div>\n\t\t\t\t<div class=\"elementor-element elementor-element-8083493 elementor-view-default elementor-position-block-start elementor-mobile-position-block-start elementor-widget elementor-widget-icon-box\" data-id=\"8083493\" data-element_type=\"widget\" data-e-type=\"widget\" data-widget_type=\"icon-box.default\">\n\t\t\t\t\t\t\t<div class=\"elementor-icon-box-wrapper\">\n\n\t\t\t\t\t\t<div class=\"elementor-icon-box-icon\">\n\t\t\t\t<a href=\"https:\/\/www.campingles5chateaux.com\/wp-content\/uploads\/2026\/01\/Reglement-du-concours-St-Valentin-2026.pdf\" target=\"_blank\" class=\"elementor-icon\" tabindex=\"-1\" aria-label=\"Download der Verordnung\">\n\t\t\t\t<svg aria-hidden=\"true\" class=\"e-font-icon-svg e-fas-file-pdf\" viewbox=\"0 0 384 512\" xmlns=\"http:\/\/www.w3.org\/2000\/svg\"><path d=\"M181.9 256.1c-5-16-4.9-46.9-2-46.9 8.4 0 7.6 36.9 2 46.9zm-1.7 47.2c-7.7 20.2-17.3 43.3-28.4 62.7 18.3-7 39-17.2 62.9-21.9-12.7-9.6-24.9-23.4-34.5-40.8zM86.1 428.1c0 .8 13.2-5.4 34.9-40.2-6.7 6.3-29.1 24.5-34.9 40.2zM248 160h136v328c0 13.3-10.7 24-24 24H24c-13.3 0-24-10.7-24-24V24C0 10.7 10.7 0 24 0h200v136c0 13.2 10.8 24 24 24zm-8 171.8c-20-12.2-33.3-29-42.7-53.8 4.5-18.5 11.6-46.6 6.2-64.2-4.7-29.4-42.4-26.5-47.8-6.8-5 18.3-.4 44.1 8.1 77-11.6 27.6-28.7 64.6-40.8 85.8-.1 0-.1.1-.2.1-27.1 13.9-73.6 44.5-54.5 68 5.6 6.9 16 10 21.5 10 17.9 0 35.7-18 61.1-61.8 25.8-8.5 54.1-19.1 79-23.2 21.7 11.8 47.1 19.5 64 19.5 29.2 0 31.2-32 19.7-43.4-13.9-13.6-54.3-9.7-73.6-7.2zM377 105L279 7c-4.5-4.5-10.6-7-17-7h-6v128h128v-6.1c0-6.3-2.5-12.4-7-16.9zm-74.1 255.3c4.1-2.7-2.5-11.9-42.8-9 37.1 15.8 42.8 9 42.8 9z\"><\/path><\/svg>\t\t\t\t<\/a>\n\t\t\t<\/div>\n\t\t\t\n\t\t\t\t\t\t<div class=\"elementor-icon-box-content\">\n\n\t\t\t\t\t\t\t\t\t<h3 class=\"elementor-icon-box-title\">\n\t\t\t\t\t\t<a href=\"https:\/\/www.campingles5chateaux.com\/wp-content\/uploads\/2026\/01\/Reglement-du-concours-St-Valentin-2026.pdf\" target=\"_blank\" >\n\t\t\t\t\t\t\tDownload der Verordnung\t\t\t\t\t\t<\/a>\n\t\t\t\t\t<\/h3>\n\t\t\t\t\n\t\t\t\t\n\t\t\t<\/div>\n\t\t\t\n\t\t<\/div>\n\t\t\t\t\t\t<\/div>\n\t\t\t\t<div class=\"elementor-element elementor-element-f986b21 elementor-widget elementor-widget-heading\" data-id=\"f986b21\" data-element_type=\"widget\" data-e-type=\"widget\" data-widget_type=\"heading.default\">\n\t\t\t\t\t<h3 class=\"elementor-heading-title elementor-size-default\">Aktualisiert am 19\/01\/2026<\/h3>\t\t\t\t<\/div>\n\t\t\t\t\t<\/div>\n\t\t\t\t<\/div>\n\t\t<div data-particle_enable=\"false\" data-particle-mobile-disabled=\"false\" class=\"elementor-element elementor-element-0e0e6a2 e-flex e-con-boxed e-con e-parent\" data-id=\"0e0e6a2\" data-element_type=\"container\" data-e-type=\"container\" data-settings=\"{&quot;background_background&quot;:&quot;classic&quot;}\">\n\t\t\t\t\t<div class=\"e-con-inner\">\n\t\t\t\t<div class=\"elementor-element elementor-element-4383ffc elementor-widget elementor-widget-html\" data-id=\"4383ffc\" data-element_type=\"widget\" data-e-type=\"widget\" data-widget_type=\"html.default\">\n\t\t\t\t\t<div class=\"reglement-concours\">\r\n\r\n  <div class=\"reglement-article\">\r\n    <h2>Artikel 1 - Organisator<\/h2>\r\n    <p><strong>Campingplatz Les Cinq Ch\u00e2teaux<\/strong><br>\r\n    269, Impasse Thierry Gallon<br>\r\n    24220 V\u00e9zac<br>\r\n    SIRET: 91834688300013<\/p>\r\n    <p>Kontakt : <a href=\"mailto:camping@les5chateaux.com\">camping@les5chateaux.com<\/a> \/ <a href=\"tel:+33553295228\">05 53 29 52 28<\/a><\/p>\r\n  <\/div>\r\n\r\n  <div class=\"reglement-article\">\r\n    <h2>Artikel 2 - Dauer des Spiels<\/h2>\r\n    <p>Von <strong>20\/01\/2026<\/strong> unter <strong>09\/02\/2026 um 23:59 Uhr<\/strong>.<\/p>\r\n    <p>Auslosung am <strong>10\/02\/2026<\/strong> und Bekanntgabe des Gewinners innerhalb von maximal 48 Stunden.<\/p>\r\n  <\/div>\r\n\r\n  <div class=\"reglement-article\">\r\n    <h2>Artikel 3 - Teilnahmebedingungen<\/h2>\r\n    <ul>\r\n      <li>Kostenloses Spiel ohne Kaufverpflichtung<\/li>\r\n      <li>Offen f\u00fcr vollj\u00e4hrige Personen<\/li>\r\n      <li>Mitglieder des Veranstalters und des Partner-Hei\u00dfluftballonunternehmens ausgeschlossen<\/li>\r\n    <\/ul>\r\n\r\n    <h3>Teilnahmebedingungen auf Facebook :<\/h3>\r\n    <ul>\r\n      <li>Seite liken <strong>@campingdordogneles5chateaux<\/strong><\/li>\r\n      <li>Liken Sie den Beitrag zum Wettbewerb<\/li>\r\n      <li>Kommentieren Sie, indem Sie die Person identifizieren, mit der Sie diese Erfahrung teilen m\u00f6chten.<\/li>\r\n    <\/ul>\r\n\r\n    <h3>Teilnahmebedingungen auf Instagram :<\/h3>\r\n    <ul>\r\n      <li>Konto verfolgen <strong>@campingdordogneles5chateaux<\/strong><\/li>\r\n      <li>Liken Sie den Beitrag zum Wettbewerb<\/li>\r\n      <li>Kommentieren Sie, indem Sie die Person taggen, mit der Sie diese Erfahrung teilen m\u00f6chten.<\/li>\r\n    <\/ul>\r\n\r\n    <h3>Mehrere Beteiligungen :<\/h3>\r\n    <ul>\r\n      <li>Nur eine Teilnahme pro Person und Plattform<\/li>\r\n      <li>Teilnahme \u00fcber beide sozialen Netzwerke m\u00f6glich (Facebook UND Instagram) =. <strong>2 Gewinnchancen<\/strong><\/li>\r\n      <li><strong>BONUS :<\/strong> folgen Sie auch dem Konto unseres Partners <strong>@montgolfieresduperigord<\/strong> = 1 zus\u00e4tzliche Chance<\/li>\r\n    <\/ul>\r\n  <\/div>\r\n\r\n  <div class=\"reglement-article\">\r\n    <h2>Artikel 4 - Preisauszeichnung<\/h2>\r\n    <p><strong>1 einziges Los, bestehend aus :<\/strong><\/p>\r\n    <ul class=\"dotation-liste\">\r\n      <li>2 aufeinanderfolgende N\u00e4chte in einem Tiny House f\u00fcr 2 Personen <span class=\"valeur\">(Wert: 229 \u20ac Hochsaison)<\/span><\/li>\r\n      <li>1 Fahrt im Hei\u00dfluftballon f\u00fcr 2 Personen <span class=\"valeur\">(Wert: 480 \u20ac)<\/span><\/li>\r\n    <\/ul>\r\n    <p class=\"valeur-totale\"><strong>Gesamtwert der Partie: 709 \u20ac.<\/strong><\/p>\r\n\r\n    <h3>Bedingungen f\u00fcr die Nutzung der Partie :<\/h3>\r\n    <ul>\r\n      <li>Nicht gegen Bargeld austauschbar<\/li>\r\n      <li>Nicht erstattungsf\u00e4hig<\/li>\r\n      <li>G\u00fcltig bis <strong>26. September 2026<\/strong><\/li>\r\n      <li>Vorbehaltlich der Verf\u00fcgbarkeit (obligatorische Vorreservierung mindestens 15 Tage vor dem gew\u00fcnschten Datum).<\/li>\r\n      <li>Gem\u00e4\u00df unseren Allgemeinen Gesch\u00e4ftsbedingungen f\u00fcr Unterk\u00fcnfte ist bei der Ankunft eine Kaution von 200 \u20ac zu hinterlegen, die bei der Abreise nach \u00dcberpr\u00fcfung der R\u00e4umlichkeiten zur\u00fcckerstattet wird.<\/li>\r\n      <li>Die Ballonfahrt unterliegt den Wetterbedingungen. Im Falle einer wetterbedingten Stornierung wird die Fahrt je nach Verf\u00fcgbarkeit innerhalb der G\u00fcltigkeitsdauer des Loses verschoben, ohne dass daraus ein Anspruch abgeleitet werden kann.<\/li>\r\n      <li>Wenn der Aufenthalt im Tiny House vollst\u00e4ndig konsumiert wurde und der Flug aus Wettergr\u00fcnden annulliert wird, wird ein neuer Flug angeboten, aber die damit verbundene Unterkunft bleibt auf Kosten des Gewinners.<\/li>\r\n      <li><em>Es ist daher ratsam, die Ballonfahrt am ersten Tag des Aufenthalts zu planen, um sie im Falle einer Wetterstornierung auf die verbleibenden N\u00e4chte verschieben zu k\u00f6nnen.<\/em><\/li>\r\n      <li>Der Transport zum Ort der Unterbringung und zum Ort des Abflugs der Ballonfahrt geht zu Lasten des Gewinners.<\/li>\r\n      <li>Mahlzeiten und alle anderen Leistungen, die nicht im Paket enthalten sind, sind nicht inbegriffen.<\/li>\r\n    <\/ul>\r\n  <\/div>\r\n\r\n  <div class=\"reglement-article\">\r\n    <h2>Artikel 5 - Bestimmung des Gewinners<\/h2>\r\n    <ul>\r\n      <li>Eine Verlosung wird unter allen g\u00fcltigen Teilnehmern (Facebook + Instagram zusammen) durchgef\u00fchrt.<\/li>\r\n      <li>Der Gewinner wird innerhalb von 48 Stunden nach der Ziehung per Privatnachricht \u00fcber das zur Teilnahme verwendete soziale Netzwerk kontaktiert.<\/li>\r\n      <li>Der Gewinner verf\u00fcgt \u00fcber <strong>7 Kalendertage<\/strong> um seine Teilnahme zu best\u00e4tigen und seine vollst\u00e4ndigen Kontaktdaten mitzuteilen<\/li>\r\n      <li>Erfolgt innerhalb dieser Frist keine Antwort, gilt das Los als abgelehnt und es wird eine neue Auslosung durchgef\u00fchrt.<\/li>\r\n    <\/ul>\r\n  <\/div>\r\n\r\n  <div class=\"reglement-article\">\r\n    <h2>Artikel 6 - \u00dcbergabe des Loses<\/h2>\r\n    <ul>\r\n      <li>Der Gewinner erh\u00e4lt per E-Mail einen Geschenkgutschein, in dem die Buchungsmodalit\u00e4ten beschrieben sind.<\/li>\r\n      <li>Die Buchung muss vom Gewinner direkt beim Veranstalter vorgenommen werden.<\/li>\r\n      <li>Der Geschenkgutschein ist namentlich und kann Gegenstand einer Identit\u00e4tspr\u00fcfung sein.<\/li>\r\n    <\/ul>\r\n  <\/div>\r\n\r\n  <div class=\"reglement-article\">\r\n    <h2>Artikel 7 - Verwendung des Bildes des Gewinners<\/h2>\r\n    <p>Mit der Teilnahme erm\u00e4chtigt der Gewinner den Veranstalter, seinen Vornamen zu verwenden, um die Ergebnisse des Spiels in den sozialen Netzwerken und auf der Website bekannt zu geben, ohne dass ihm daraus eine Verg\u00fctung, ein Recht oder ein Vorteil au\u00dfer der \u00dcbergabe seines Preises erw\u00e4chst.<\/p>\r\n  <\/div>\r\n\r\n  <div class=\"reglement-article\">\r\n    <h2>Artikel 8 - Pers\u00f6nliche Daten<\/h2>\r\n    <p>Die im Rahmen dieses Gewinnspiels gesammelten pers\u00f6nlichen Daten sind ausschlie\u00dflich f\u00fcr den Veranstalter zur Verwaltung des Gewinnspiels und zur \u00dcbergabe des Gewinns bestimmt.<\/p>\r\n    <p>In \u00dcbereinstimmung mit der Allgemeinen Datenschutzverordnung (DSGVO) haben die Teilnehmer das Recht, auf ihre Daten zuzugreifen, sie zu berichtigen und zu l\u00f6schen, indem sie Kontakt mit : <a href=\"mailto:camping@les5chateaux.com\">camping@les5chateaux.com<\/a>.<\/p>\r\n    <p>Die Daten werden f\u00fcr die Dauer des Spiels aufbewahrt und innerhalb von 3 Monaten nach der tats\u00e4chlichen \u00dcbergabe des Preises an den Gewinner gel\u00f6scht.<\/p>\r\n  <\/div>\r\n\r\n  <div class=\"reglement-article\">\r\n    <h2>Artikel 9 - Verantwortlichkeit<\/h2>\r\n    <p>Der Organisator kann nicht haftbar gemacht werden:<\/p>\r\n    <ul>\r\n      <li>Technische Probleme in Verbindung mit sozialen Netzwerken (Facebook, Instagram), die au\u00dferhalb seines Einflussbereichs liegen.<\/li>\r\n      <li>die vor\u00fcbergehende Unm\u00f6glichkeit des Zugangs zum Spiel aufgrund von Wartungsarbeiten oder h\u00f6herer Gewalt<\/li>\r\n      <li>Vorf\u00e4lle, die bei der Nutzung des Preises durch den Gewinner auftreten k\u00f6nnen.<\/li>\r\n      <li>Wetterbedingungen, die die Durchf\u00fchrung der Ballonfahrt verhindern<\/li>\r\n    <\/ul>\r\n  <\/div>\r\n\r\n  <div class=\"reglement-article\">\r\n    <h2>Artikel 10 - \u00c4nderung und Stornierung<\/h2>\r\n    <p>Der Organisator beh\u00e4lt sich das Recht vor, im Falle h\u00f6herer Gewalt das Spiel zu \u00e4ndern, zu verl\u00e4ngern, zu verk\u00fcrzen oder abzusagen. Der Veranstalter kann nicht haftbar gemacht werden.<\/p>\r\n  <\/div>\r\n\r\n  <div class=\"reglement-article\">\r\n    <h2>Artikel 11 - Betrug<\/h2>\r\n    <p>Jede betr\u00fcgerische Teilnahme (Verwendung falscher Konten, automatische Teilnahme usw.) wird ohne vorherige Benachrichtigung ausgeschlossen.<\/p>\r\n  <\/div>\r\n\r\n  <div class=\"reglement-article\">\r\n    <h2>Artikel 12 - Streitigkeiten<\/h2>\r\n    <p>Die vorliegende Verordnung unterliegt dem franz\u00f6sischen Recht. Alle Streitigkeiten in Bezug auf die Auslegung oder Ausf\u00fchrung dieser Verordnung werden den zust\u00e4ndigen Gerichten vorgelegt.<\/p>\r\n  <\/div>\r\n\r\n  <div class=\"reglement-article\">\r\n    <h2>Artikel 13 - Annahme der Verordnung<\/h2>\r\n    <p>Die Teilnahme am Gewinnspiel setzt die vollst\u00e4ndige Annahme der vorliegenden Teilnahmebedingungen voraus.<\/p>\r\n  <\/div>\r\n\r\n  <div class=\"reglement-article\">\r\n    <h2>Artikel 14 - Hinterlegung der Verordnung<\/h2>\r\n    <p>Diese Verordnung ist auf unserer Website verf\u00fcgbar. <a href=\"https:\/\/www.campingles5chateaux.com\/de\/\" target=\"_blank\">www.campingles5chateaux.com<\/a>.<\/p>\r\n    <p>Eine Kopie der Regeln kann kostenlos an jede Person geschickt werden, die dies per E-Mail an : <a href=\"mailto:camping@les5chateaux.com\">camping@les5chateaux.com<\/a>.<\/p>\r\n  <\/div>\r\n\r\n<\/div>\r\n\r\n<style>\r\n\/* CSS optionnel - \u00e0 adapter ou supprimer selon le th\u00e8me Elementor *\/\r\n.reglement-concours {\r\n  max-width: 900px;\r\n  margin: 0 auto;\r\n  padding: 20px;\r\n  font-family: inherit;\r\n  line-height: 1.7;\r\n}\r\n\r\n.reglement-titre {\r\n  text-align: center;\r\n  font-size: 1.8em;\r\n  margin-bottom: 40px;\r\n  color: #333;\r\n}\r\n\r\n.reglement-article {\r\n  margin-bottom: 30px;\r\n}\r\n\r\n.reglement-article h2 {\r\n  font-size: 1.3em;\r\n  color: #2c3e50;\r\n  border-bottom: 2px solid #879f85;\r\n  padding-bottom: 8px;\r\n  margin-bottom: 15px;\r\n}\r\n\r\n.reglement-article h3 {\r\n  font-size: 1.1em;\r\n  color: #555;\r\n  margin-top: 20px;\r\n  margin-bottom: 10px;\r\n}\r\n\r\n.reglement-article ul {\r\n  padding-left: 25px;\r\n}\r\n\r\n.reglement-article li {\r\n  margin-bottom: 8px;\r\n}\r\n\r\n.reglement-article a {\r\n  color: #879f85;\r\n  text-decoration: none;\r\n}\r\n\r\n.reglement-article a:hover {\r\n  text-decoration: underline;\r\n}\r\n\r\n.valeur {\r\n  color: #777;\r\n  font-style: italic;\r\n}\r\n\r\n.valeur-totale {\r\n  font-size: 1.1em;\r\n  background: #f8f8f8;\r\n  padding: 10px 15px;\r\n  border-left: 4px solid #879f85;\r\n  margin: 15px 0;\r\n}\r\n<\/style>\t\t\t\t<\/div>\n\t\t\t\t\t<\/div>\n\t\t\t\t<\/div>\n\t\t\t\t<\/div>","protected":false},"excerpt":{"rendered":"<p>R\u00c8GLEMENT DU JEU-CONCOURS Sp\u00e9cial St-Valentin 2026 \u00ab\u00a0Week-end Romantique en Montgolfi\u00e8re\u00a0\u00bb T\u00e9l\u00e9charger le r\u00e9glement Mis \u00e0 jour le 19\/01\/2026 Article 1 &#8211; Organisateur Camping les Cinq Ch\u00e2teaux 269, Impasse Thierry Gallon 24220 V\u00e9zac SIRET : 91834688300013 Contact : camping@les5chateaux.com \/ 05 53 29 52 28 Article 2 &#8211; Dur\u00e9e du jeu Du 20\/01\/2026 au 09\/02\/2026 \u00e0 [&hellip;]<\/p>\n","protected":false},"author":1,"featured_media":0,"parent":0,"menu_order":1,"comment_status":"closed","ping_status":"closed","template":"elementor_header_footer","meta":{"footnotes":""},"class_list":["post-7889","page","type-page","status-publish","hentry"],"yoast_head":"<!-- This site is optimized with the Yoast SEO Premium plugin v27.4 (Yoast SEO v27.4) - https:\/\/yoast.com\/product\/yoast-seo-premium-wordpress\/ -->\n<title>R\u00c8GLEMENT DU JEU-CONCOURS - St Valentin-2026 - Camping Dordogne Les CINQ Ch\u00e2teaux | P\u00e9rigord Noir<\/title>\n<meta name=\"robots\" content=\"index, follow, max-snippet:-1, max-image-preview:large, max-video-preview:-1\" \/>\n<link rel=\"canonical\" href=\"https:\/\/www.campingles5chateaux.com\/de\/spielregeln-fur-das-gewinnspiel-st-valentin-2026\/\" \/>\n<meta property=\"og:locale\" content=\"de_DE\" \/>\n<meta property=\"og:type\" content=\"article\" \/>\n<meta property=\"og:title\" content=\"R\u00c8GLEMENT DU JEU-CONCOURS - St Valentin-2026\" \/>\n<meta property=\"og:description\" content=\"R\u00c8GLEMENT DU JEU-CONCOURS Sp\u00e9cial St-Valentin 2026 \u00ab\u00a0Week-end Romantique en Montgolfi\u00e8re\u00a0\u00bb T\u00e9l\u00e9charger le r\u00e9glement Mis \u00e0 jour le 19\/01\/2026 Article 1 &#8211; Organisateur Camping les Cinq Ch\u00e2teaux 269, Impasse Thierry Gallon 24220 V\u00e9zac SIRET : 91834688300013 Contact : camping@les5chateaux.com \/ 05 53 29 52 28 Article 2 &#8211; Dur\u00e9e du jeu Du 20\/01\/2026 au 09\/02\/2026 \u00e0 [&hellip;]\" \/>\n<meta property=\"og:url\" content=\"https:\/\/www.campingles5chateaux.com\/de\/spielregeln-fur-das-gewinnspiel-st-valentin-2026\/\" \/>\n<meta property=\"og:site_name\" content=\"Camping Dordogne Les CINQ Ch\u00e2teaux | P\u00e9rigord Noir\" \/>\n<meta property=\"article:publisher\" content=\"https:\/\/www.facebook.com\/profile.php?id=100085429666300\" \/>\n<meta property=\"article:modified_time\" content=\"2026-01-19T13:04:23+00:00\" \/>\n<meta property=\"og:image\" content=\"https:\/\/www.campingles5chateaux.com\/wp-content\/uploads\/2022\/10\/logo-camping-5-chateaux-320.png\" \/>\n\t<meta property=\"og:image:width\" content=\"320\" \/>\n\t<meta property=\"og:image:height\" content=\"320\" \/>\n\t<meta property=\"og:image:type\" content=\"image\/png\" \/>\n<meta name=\"twitter:card\" content=\"summary_large_image\" \/>\n<script type=\"application\/ld+json\" class=\"yoast-schema-graph\">{\"@context\":\"https:\\\/\\\/schema.org\",\"@graph\":[{\"@type\":\"WebPage\",\"@id\":\"https:\\\/\\\/www.campingles5chateaux.com\\\/reglement-du-jeu-concours-st-valentin-2026\\\/\",\"url\":\"https:\\\/\\\/www.campingles5chateaux.com\\\/reglement-du-jeu-concours-st-valentin-2026\\\/\",\"name\":\"R\u00c8GLEMENT DU JEU-CONCOURS - St Valentin-2026 - Camping Dordogne Les CINQ Ch\u00e2teaux | P\u00e9rigord Noir\",\"isPartOf\":{\"@id\":\"https:\\\/\\\/www.campingles5chateaux.com\\\/#website\"},\"datePublished\":\"2026-01-19T12:57:08+00:00\",\"dateModified\":\"2026-01-19T13:04:23+00:00\",\"breadcrumb\":{\"@id\":\"https:\\\/\\\/www.campingles5chateaux.com\\\/reglement-du-jeu-concours-st-valentin-2026\\\/#breadcrumb\"},\"inLanguage\":\"de\",\"potentialAction\":[{\"@type\":\"ReadAction\",\"target\":[\"https:\\\/\\\/www.campingles5chateaux.com\\\/reglement-du-jeu-concours-st-valentin-2026\\\/\"]}]},{\"@type\":\"BreadcrumbList\",\"@id\":\"https:\\\/\\\/www.campingles5chateaux.com\\\/reglement-du-jeu-concours-st-valentin-2026\\\/#breadcrumb\",\"itemListElement\":[{\"@type\":\"ListItem\",\"position\":1,\"name\":\"Camping les 5 ch\u00e2teaux\",\"item\":\"https:\\\/\\\/www.campingles5chateaux.com\\\/\"},{\"@type\":\"ListItem\",\"position\":2,\"name\":\"R\u00c8GLEMENT DU JEU-CONCOURS &#8211; St Valentin-2026\"}]},{\"@type\":\"WebSite\",\"@id\":\"https:\\\/\\\/www.campingles5chateaux.com\\\/#website\",\"url\":\"https:\\\/\\\/www.campingles5chateaux.com\\\/\",\"name\":\"Camping Dordogne Les CINQ Ch\u00e2teaux [ P\u00e9rigord Noir ]\",\"description\":\"Rives de Dordogne\",\"publisher\":{\"@id\":\"https:\\\/\\\/www.campingles5chateaux.com\\\/#organization\"},\"alternateName\":\"Camping les 5 ch\u00e2teaux | Dordogne - P\u00e9rigord Noir\",\"potentialAction\":[{\"@type\":\"SearchAction\",\"target\":{\"@type\":\"EntryPoint\",\"urlTemplate\":\"https:\\\/\\\/www.campingles5chateaux.com\\\/?s={search_term_string}\"},\"query-input\":{\"@type\":\"PropertyValueSpecification\",\"valueRequired\":true,\"valueName\":\"search_term_string\"}}],\"inLanguage\":\"de\"},{\"@type\":\"Organization\",\"@id\":\"https:\\\/\\\/www.campingles5chateaux.com\\\/#organization\",\"name\":\"Camping Dordogne Les CINQ Ch\u00e2teaux [ P\u00e9rigord Noir ]\",\"alternateName\":\"Camping les 5 ch\u00e2teaux | Dordogne - P\u00e9rigord Noir\",\"url\":\"https:\\\/\\\/www.campingles5chateaux.com\\\/\",\"logo\":{\"@type\":\"ImageObject\",\"inLanguage\":\"de\",\"@id\":\"https:\\\/\\\/www.campingles5chateaux.com\\\/#\\\/schema\\\/logo\\\/image\\\/\",\"url\":\"https:\\\/\\\/www.campingles5chateaux.com\\\/wp-content\\\/uploads\\\/2023\\\/12\\\/logo-2024-caamping-les-5-chateaux-200x200-1.png\",\"contentUrl\":\"https:\\\/\\\/www.campingles5chateaux.com\\\/wp-content\\\/uploads\\\/2023\\\/12\\\/logo-2024-caamping-les-5-chateaux-200x200-1.png\",\"width\":200,\"height\":200,\"caption\":\"Camping Dordogne Les CINQ Ch\u00e2teaux [ P\u00e9rigord Noir ]\"},\"image\":{\"@id\":\"https:\\\/\\\/www.campingles5chateaux.com\\\/#\\\/schema\\\/logo\\\/image\\\/\"},\"sameAs\":[\"https:\\\/\\\/www.facebook.com\\\/profile.php?id=100085429666300\",\"https:\\\/\\\/www.youtube.com\\\/@campingles5chateaux\\\/featured\"]}]}<\/script>\n<!-- \/ Yoast SEO Premium plugin. -->","yoast_head_json":{"title":"REGELUNGEN F\u00dcR DAS GEWINNSPIEL - Valentinstag-2026 - Camping Dordogne Les CINQ Ch\u00e2teaux | P\u00e9rigord Noir","robots":{"index":"index","follow":"follow","max-snippet":"max-snippet:-1","max-image-preview":"max-image-preview:large","max-video-preview":"max-video-preview:-1"},"canonical":"https:\/\/www.campingles5chateaux.com\/de\/spielregeln-fur-das-gewinnspiel-st-valentin-2026\/","og_locale":"de_DE","og_type":"article","og_title":"R\u00c8GLEMENT DU JEU-CONCOURS - St Valentin-2026","og_description":"R\u00c8GLEMENT DU JEU-CONCOURS Sp\u00e9cial St-Valentin 2026 \u00ab\u00a0Week-end Romantique en Montgolfi\u00e8re\u00a0\u00bb T\u00e9l\u00e9charger le r\u00e9glement Mis \u00e0 jour le 19\/01\/2026 Article 1 &#8211; Organisateur Camping les Cinq Ch\u00e2teaux 269, Impasse Thierry Gallon 24220 V\u00e9zac SIRET : 91834688300013 Contact : camping@les5chateaux.com \/ 05 53 29 52 28 Article 2 &#8211; Dur\u00e9e du jeu Du 20\/01\/2026 au 09\/02\/2026 \u00e0 [&hellip;]","og_url":"https:\/\/www.campingles5chateaux.com\/de\/spielregeln-fur-das-gewinnspiel-st-valentin-2026\/","og_site_name":"Camping Dordogne Les CINQ Ch\u00e2teaux | P\u00e9rigord Noir","article_publisher":"https:\/\/www.facebook.com\/profile.php?id=100085429666300","article_modified_time":"2026-01-19T13:04:23+00:00","og_image":[{"width":320,"height":320,"url":"https:\/\/www.campingles5chateaux.com\/wp-content\/uploads\/2022\/10\/logo-camping-5-chateaux-320.png","type":"image\/png"}],"twitter_card":"summary_large_image","schema":{"@context":"https:\/\/schema.org","@graph":[{"@type":"WebPage","@id":"https:\/\/www.campingles5chateaux.com\/reglement-du-jeu-concours-st-valentin-2026\/","url":"https:\/\/www.campingles5chateaux.com\/reglement-du-jeu-concours-st-valentin-2026\/","name":"REGELUNGEN F\u00dcR DAS GEWINNSPIEL - Valentinstag-2026 - Camping Dordogne Les CINQ Ch\u00e2teaux | P\u00e9rigord Noir","isPartOf":{"@id":"https:\/\/www.campingles5chateaux.com\/#website"},"datePublished":"2026-01-19T12:57:08+00:00","dateModified":"2026-01-19T13:04:23+00:00","breadcrumb":{"@id":"https:\/\/www.campingles5chateaux.com\/reglement-du-jeu-concours-st-valentin-2026\/#breadcrumb"},"inLanguage":"de","potentialAction":[{"@type":"ReadAction","target":["https:\/\/www.campingles5chateaux.com\/reglement-du-jeu-concours-st-valentin-2026\/"]}]},{"@type":"BreadcrumbList","@id":"https:\/\/www.campingles5chateaux.com\/reglement-du-jeu-concours-st-valentin-2026\/#breadcrumb","itemListElement":[{"@type":"ListItem","position":1,"name":"Camping les 5 ch\u00e2teaux","item":"https:\/\/www.campingles5chateaux.com\/"},{"@type":"ListItem","position":2,"name":"R\u00c8GLEMENT DU JEU-CONCOURS &#8211; St Valentin-2026"}]},{"@type":"WebSite","@id":"https:\/\/www.campingles5chateaux.com\/#website","url":"https:\/\/www.campingles5chateaux.com\/","name":"Camping Dordogne Les CINQ Ch\u00e2teaux [ P\u00e9rigord Noir ]","description":"Ufer der Dordogne","publisher":{"@id":"https:\/\/www.campingles5chateaux.com\/#organization"},"alternateName":"Camping les 5 ch\u00e2teaux | Dordogne - P\u00e9rigord Noir","potentialAction":[{"@type":"SearchAction","target":{"@type":"EntryPoint","urlTemplate":"https:\/\/www.campingles5chateaux.com\/?s={search_term_string}"},"query-input":{"@type":"PropertyValueSpecification","valueRequired":true,"valueName":"search_term_string"}}],"inLanguage":"de"},{"@type":"Organization","@id":"https:\/\/www.campingles5chateaux.com\/#organization","name":"Camping Dordogne Les CINQ Ch\u00e2teaux [ P\u00e9rigord Noir ]","alternateName":"Camping les 5 ch\u00e2teaux | Dordogne - P\u00e9rigord Noir","url":"https:\/\/www.campingles5chateaux.com\/","logo":{"@type":"ImageObject","inLanguage":"de","@id":"https:\/\/www.campingles5chateaux.com\/#\/schema\/logo\/image\/","url":"https:\/\/www.campingles5chateaux.com\/wp-content\/uploads\/2023\/12\/logo-2024-caamping-les-5-chateaux-200x200-1.png","contentUrl":"https:\/\/www.campingles5chateaux.com\/wp-content\/uploads\/2023\/12\/logo-2024-caamping-les-5-chateaux-200x200-1.png","width":200,"height":200,"caption":"Camping Dordogne Les CINQ Ch\u00e2teaux [ P\u00e9rigord Noir ]"},"image":{"@id":"https:\/\/www.campingles5chateaux.com\/#\/schema\/logo\/image\/"},"sameAs":["https:\/\/www.facebook.com\/profile.php?id=100085429666300","https:\/\/www.youtube.com\/@campingles5chateaux\/featured"]}]}},"_links":{"self":[{"href":"https:\/\/www.campingles5chateaux.com\/de\/wp-json\/wp\/v2\/pages\/7889","targetHints":{"allow":["GET"]}}],"collection":[{"href":"https:\/\/www.campingles5chateaux.com\/de\/wp-json\/wp\/v2\/pages"}],"about":[{"href":"https:\/\/www.campingles5chateaux.com\/de\/wp-json\/wp\/v2\/types\/page"}],"author":[{"embeddable":true,"href":"https:\/\/www.campingles5chateaux.com\/de\/wp-json\/wp\/v2\/users\/1"}],"replies":[{"embeddable":true,"href":"https:\/\/www.campingles5chateaux.com\/de\/wp-json\/wp\/v2\/comments?post=7889"}],"version-history":[{"count":0,"href":"https:\/\/www.campingles5chateaux.com\/de\/wp-json\/wp\/v2\/pages\/7889\/revisions"}],"wp:attachment":[{"href":"https:\/\/www.campingles5chateaux.com\/de\/wp-json\/wp\/v2\/media?parent=7889"}],"curies":[{"name":"wp","href":"https:\/\/api.w.org\/{rel}","templated":true}]}}