{"id":1575,"date":"2022-11-10T12:01:38","date_gmt":"2022-11-10T10:01:38","guid":{"rendered":"https:\/\/www.campingles5chateaux.com\/?page_id=1575"},"modified":"2022-12-12T23:22:35","modified_gmt":"2022-12-12T21:22:35","slug":"reserva-en-linea","status":"publish","type":"page","link":"https:\/\/www.campingles5chateaux.com\/es_es\/reservation-en-ligne\/","title":{"rendered":"Reservas en l\u00ednea"},"content":{"rendered":"<div data-elementor-type=\"wp-page\" data-elementor-id=\"1575\" class=\"elementor elementor-1575\" data-elementor-post-type=\"page\">\n\t\t\t\t\t\t<section data-particle_enable=\"false\" data-particle-mobile-disabled=\"false\" class=\"elementor-section elementor-top-section elementor-element elementor-element-48f69af elementor-section-content-top elementor-section-boxed elementor-section-height-default elementor-section-height-default\" data-id=\"48f69af\" data-element_type=\"section\" data-e-type=\"section\" data-settings=\"{&quot;background_background&quot;:&quot;classic&quot;}\">\n\t\t\t\t\t\t\t<div class=\"elementor-background-overlay\"><\/div>\n\t\t\t\t\t\t\t<div class=\"elementor-container elementor-column-gap-default\">\n\t\t\t\t\t<div class=\"elementor-column elementor-col-100 elementor-top-column elementor-element elementor-element-72e6c33\" data-id=\"72e6c33\" data-element_type=\"column\" data-e-type=\"column\" data-settings=\"{&quot;background_background&quot;:&quot;classic&quot;}\">\n\t\t\t<div class=\"elementor-widget-wrap elementor-element-populated\">\n\t\t\t\t\t<div class=\"elementor-background-overlay\"><\/div>\n\t\t\t\t<div data-particle_enable=\"false\" data-particle-mobile-disabled=\"false\" class=\"elementor-element elementor-element-6dea86a e-flex e-con-boxed e-con e-parent\" data-id=\"6dea86a\" data-element_type=\"container\" data-e-type=\"container\">\n\t\t\t\t\t<div class=\"e-con-inner\">\n\t\t<div data-particle_enable=\"false\" data-particle-mobile-disabled=\"false\" class=\"elementor-element elementor-element-d7d6ed9 e-flex e-con-boxed e-con e-parent\" data-id=\"d7d6ed9\" data-element_type=\"container\" data-e-type=\"container\">\n\t\t\t\t\t<div class=\"e-con-inner\">\n\t\t<div data-particle_enable=\"false\" data-particle-mobile-disabled=\"false\" class=\"elementor-element elementor-element-2aeb8b2 e-con-full elementor-hidden-mobile e-flex e-con e-parent\" data-id=\"2aeb8b2\" data-element_type=\"container\" data-e-type=\"container\">\n\t\t\t\t<div class=\"elementor-element elementor-element-89177ae elementor-view-default elementor-widget elementor-widget-icon\" data-id=\"89177ae\" data-element_type=\"widget\" data-e-type=\"widget\" data-widget_type=\"icon.default\">\n\t\t\t\t\t\t\t<div class=\"elementor-icon-wrapper\">\n\t\t\t<div class=\"elementor-icon\">\n\t\t\t<svg xmlns=\"http:\/\/www.w3.org\/2000\/svg\" xmlns:xlink=\"http:\/\/www.w3.org\/1999\/xlink\" id=\"Capa_1\" x=\"0px\" y=\"0px\" viewbox=\"0 0 480 480\" style=\"enable-background:new 0 0 480 480;\" xml:space=\"preserve\"><g>\t<g>\t\t<path d=\"M440,64h-8V24c0-13.232-10.768-24-24-24h-16c-13.232,0-24,10.768-24,24v40H112V24c0-13.232-10.768-24-24-24H72   C58.768,0,48,10.768,48,24v40h-8C17.944,64,0,81.944,0,104v336c0,22.056,17.944,40,40,40h400c22.056,0,40-17.944,40-40V104   C480,81.944,462.056,64,440,64z M384,72V24c0-4.416,3.584-8,8-8h16c4.416,0,8,3.584,8,8v48v32c0,4.416-3.584,8-8,8h-16   c-4.416,0-8-3.584-8-8V72z M64,72V24c0-4.416,3.584-8,8-8h16c4.416,0,8,3.584,8,8v48v32c0,4.416-3.584,8-8,8H72   c-4.416,0-8-3.584-8-8V72z M464,440c0,13.232-10.768,24-24,24H40c-13.232,0-24-10.768-24-24V208h448V440z M464,192H16v-88   c0-13.232,10.768-24,24-24h8v24c0,13.232,10.768,24,24,24h16c13.232,0,24-10.768,24-24V80h256v24c0,13.232,10.768,24,24,24h16   c13.232,0,24-10.768,24-24V80h8c13.232,0,24,10.768,24,24V192z\"><\/path>\t<\/g><\/g><g>\t<g>\t\t<path d=\"M328,104H152c-4.424,0-8,3.576-8,8v48c0,4.424,3.576,8,8,8h176c4.424,0,8-3.576,8-8v-48C336,107.576,332.424,104,328,104z    M320,152H160v-32h160V152z\"><\/path>\t<\/g><\/g><g>\t<g>\t\t<path d=\"M104,232H56c-4.424,0-8,3.576-8,8v40c0,4.424,3.576,8,8,8h48c4.424,0,8-3.576,8-8v-40C112,235.576,108.424,232,104,232z    M96,272H64v-24h32V272z\"><\/path>\t<\/g><\/g><g>\t<g>\t\t<path d=\"M208,232h-48c-4.424,0-8,3.576-8,8v40c0,4.424,3.576,8,8,8h48c4.424,0,8-3.576,8-8v-40C216,235.576,212.424,232,208,232z    M200,272h-32v-24h32V272z\"><\/path>\t<\/g><\/g><g>\t<g>\t\t<path d=\"M320,232h-48c-4.424,0-8,3.576-8,8v40c0,4.424,3.576,8,8,8h48c4.424,0,8-3.576,8-8v-40C328,235.576,324.424,232,320,232z    M312,272h-32v-24h32V272z\"><\/path>\t<\/g><\/g><g>\t<g>\t\t<path d=\"M424,232h-48c-4.424,0-8,3.576-8,8v40c0,4.424,3.576,8,8,8h48c4.424,0,8-3.576,8-8v-40C432,235.576,428.424,232,424,232z    M416,272h-32v-24h32V272z\"><\/path>\t<\/g><\/g><g>\t<g>\t\t<path d=\"M104,312H56c-4.424,0-8,3.576-8,8v40c0,4.424,3.576,8,8,8h48c4.424,0,8-3.576,8-8v-40C112,315.576,108.424,312,104,312z    M96,352H64v-24h32V352z\"><\/path>\t<\/g><\/g><g>\t<g>\t\t<path d=\"M208,312h-48c-4.424,0-8,3.576-8,8v40c0,4.424,3.576,8,8,8h48c4.424,0,8-3.576,8-8v-40C216,315.576,212.424,312,208,312z    M200,352h-32v-24h32V352z\"><\/path>\t<\/g><\/g><g>\t<g>\t\t<path d=\"M320,312h-48c-4.424,0-8,3.576-8,8v40c0,4.424,3.576,8,8,8h48c4.424,0,8-3.576,8-8v-40C328,315.576,324.424,312,320,312z    M312,352h-32v-24h32V352z\"><\/path>\t<\/g><\/g><g>\t<g>\t\t<path d=\"M424,312h-48c-4.424,0-8,3.576-8,8v40c0,4.424,3.576,8,8,8h48c4.424,0,8-3.576,8-8v-40C432,315.576,428.424,312,424,312z    M416,352h-32v-24h32V352z\"><\/path>\t<\/g><\/g><g>\t<g>\t\t<path d=\"M104,392H56c-4.424,0-8,3.576-8,8v40c0,4.424,3.576,8,8,8h48c4.424,0,8-3.576,8-8v-40C112,395.576,108.424,392,104,392z    M96,432H64v-24h32V432z\"><\/path>\t<\/g><\/g><g>\t<g>\t\t<path d=\"M208,392h-48c-4.424,0-8,3.576-8,8v40c0,4.424,3.576,8,8,8h48c4.424,0,8-3.576,8-8v-40C216,395.576,212.424,392,208,392z    M200,432h-32v-24h32V432z\"><\/path>\t<\/g><\/g><g>\t<g>\t\t<path d=\"M321.856,386.88l-34.392,41.272l-17.808-17.808l-11.312,11.312l24,24C283.84,447.168,285.88,448,288,448   c0.12,0,0.24,0,0.36-0.008c2.248-0.104,4.344-1.144,5.792-2.864l40-48L321.856,386.88z\"><\/path>\t<\/g><\/g><g>\t<g>\t\t<path d=\"M417.856,386.88l-34.392,41.272l-17.808-17.808l-11.312,11.312l24,24C379.84,447.168,381.88,448,384,448   c0.12,0,0.24,0,0.36-0.008c2.248-0.104,4.344-1.144,5.792-2.864l40-48L417.856,386.88z\"><\/path>\t<\/g><\/g><g><\/g><g><\/g><g><\/g><g><\/g><g><\/g><g><\/g><g><\/g><g><\/g><g><\/g><g><\/g><g><\/g><g><\/g><g><\/g><g><\/g><g><\/g><\/svg>\t\t\t<\/div>\n\t\t<\/div>\n\t\t\t\t\t\t<\/div>\n\t\t\t\t<\/div>\n\t\t<div data-particle_enable=\"false\" data-particle-mobile-disabled=\"false\" class=\"elementor-element elementor-element-467f15c e-con-full e-flex e-con e-parent\" data-id=\"467f15c\" data-element_type=\"container\" data-e-type=\"container\">\n\t\t\t\t<div class=\"elementor-element elementor-element-80f1dc9 elementor-widget elementor-widget-heading\" data-id=\"80f1dc9\" data-element_type=\"widget\" data-e-type=\"widget\" data-widget_type=\"heading.default\">\n\t\t\t\t\t<h2 class=\"elementor-heading-title elementor-size-default\">Reserve sus pr\u00f3ximas vacaciones<\/h2>\t\t\t\t<\/div>\n\t\t\t\t<div class=\"elementor-element elementor-element-9eefbcb elementor-widget elementor-widget-text-editor\" data-id=\"9eefbcb\" data-element_type=\"widget\" data-e-type=\"widget\" data-widget_type=\"text-editor.default\">\n\t\t\t\t\t\t\t\t\t<p>\u00a1Estamos impacientes por darle la bienvenida!<\/p>\t\t\t\t\t\t\t\t<\/div>\n\t\t\t\t<\/div>\n\t\t<div data-particle_enable=\"false\" data-particle-mobile-disabled=\"false\" class=\"elementor-element elementor-element-f4239bd e-con-full elementor-hidden-mobile e-flex e-con e-parent\" data-id=\"f4239bd\" data-element_type=\"container\" data-e-type=\"container\">\n\t\t\t\t<div class=\"elementor-element elementor-element-171cccf elementor-widget elementor-widget-image\" data-id=\"171cccf\" data-element_type=\"widget\" data-e-type=\"widget\" data-widget_type=\"image.default\">\n\t\t\t\t\t\t\t\t\t\t\t\t\t\t\t<img decoding=\"async\" width=\"200\" height=\"200\" data-src=\"https:\/\/www.campingles5chateaux.com\/wp-content\/uploads\/2022\/12\/logo-camping-les-5-chateaux-web-200x200-1.png\" class=\"attachment-full size-full wp-image-2061 lazyload\" alt=\"\" data-srcset=\"https:\/\/www.campingles5chateaux.com\/wp-content\/uploads\/2022\/12\/logo-camping-les-5-chateaux-web-200x200-1.png 200w, https:\/\/www.campingles5chateaux.com\/wp-content\/uploads\/2022\/12\/logo-camping-les-5-chateaux-web-200x200-1-150x150.png 150w, https:\/\/www.campingles5chateaux.com\/wp-content\/uploads\/2022\/12\/logo-camping-les-5-chateaux-web-200x200-1-12x12.png 12w\" data-sizes=\"(max-width: 200px) 100vw, 200px\" src=\"data:image\/svg+xml;base64,PHN2ZyB3aWR0aD0iMSIgaGVpZ2h0PSIxIiB4bWxucz0iaHR0cDovL3d3dy53My5vcmcvMjAwMC9zdmciPjwvc3ZnPg==\" style=\"--smush-placeholder-width: 200px; --smush-placeholder-aspect-ratio: 200\/200;\" \/>\t\t\t\t\t\t\t\t\t\t\t\t\t\t\t<\/div>\n\t\t\t\t<\/div>\n\t\t\t\t\t<\/div>\n\t\t\t\t<\/div>\n\t\t\t\t\t<\/div>\n\t\t\t\t<\/div>\n\t\t\t\t<section data-particle_enable=\"false\" data-particle-mobile-disabled=\"false\" class=\"elementor-section elementor-inner-section elementor-element elementor-element-cc0a785 elementor-section-content-middle elementor-section-boxed elementor-section-height-default elementor-section-height-default\" data-id=\"cc0a785\" data-element_type=\"section\" data-e-type=\"section\">\n\t\t\t\t\t\t<div class=\"elementor-container elementor-column-gap-default\">\n\t\t\t\t\t<div class=\"elementor-column elementor-col-100 elementor-inner-column elementor-element elementor-element-737e515\" data-id=\"737e515\" data-element_type=\"column\" data-e-type=\"column\" data-settings=\"{&quot;background_background&quot;:&quot;classic&quot;}\">\n\t\t\t<div class=\"elementor-widget-wrap elementor-element-populated\">\n\t\t\t\t\t\t<div class=\"elementor-element elementor-element-a6f3003 elementor-widget elementor-widget-html\" data-id=\"a6f3003\" data-element_type=\"widget\" data-e-type=\"widget\" data-widget_type=\"html.default\">\n\t\t\t\t\t<ctv-availability data-background-color=\"#FFFFFFFF\" ><\/ctv-availability>\t\t\t\t<\/div>\n\t\t\t\t\t<\/div>\n\t\t<\/div>\n\t\t\t\t\t<\/div>\n\t\t<\/section>\n\t\t\t\t\t<\/div>\n\t\t<\/div>\n\t\t\t\t\t<\/div>\n\t\t<\/section>\n\t\t\t\t<\/div>","protected":false},"excerpt":{"rendered":"<p>Reserve su pr\u00f3xima estancia \u00a1Estamos deseando darle la bienvenida!<\/p>","protected":false},"author":1,"featured_media":0,"parent":0,"menu_order":24,"comment_status":"closed","ping_status":"closed","template":"elementor_header_footer","meta":{"footnotes":""},"class_list":["post-1575","page","type-page","status-publish","hentry"],"yoast_head":"<!-- This site is optimized with the Yoast SEO Premium plugin v27.5 (Yoast SEO v27.5) - https:\/\/yoast.com\/product\/yoast-seo-premium-wordpress\/ -->\n<title>R\u00e9servation en Ligne - Camping Dordogne Les CINQ Ch\u00e2teaux | P\u00e9rigord Noir<\/title>\n<meta name=\"robots\" content=\"index, follow, max-snippet:-1, max-image-preview:large, max-video-preview:-1\" \/>\n<link rel=\"canonical\" href=\"https:\/\/www.campingles5chateaux.com\/es_es\/reserva-en-linea\/\" \/>\n<meta property=\"og:locale\" content=\"es_ES\" \/>\n<meta property=\"og:type\" content=\"article\" \/>\n<meta property=\"og:title\" content=\"R\u00e9servation en Ligne\" \/>\n<meta property=\"og:description\" content=\"R\u00e9server votre prochain s\u00e9jour On a d\u00e9j\u00e0 h\u00e2te de vous accueillir !\" \/>\n<meta property=\"og:url\" content=\"https:\/\/www.campingles5chateaux.com\/es_es\/reserva-en-linea\/\" \/>\n<meta property=\"og:site_name\" content=\"Camping Dordogne Les CINQ Ch\u00e2teaux | P\u00e9rigord Noir\" \/>\n<meta property=\"article:publisher\" content=\"https:\/\/www.facebook.com\/profile.php?id=100085429666300\" \/>\n<meta property=\"article:modified_time\" content=\"2022-12-12T21:22:35+00:00\" \/>\n<meta property=\"og:image\" content=\"https:\/\/www.campingles5chateaux.com\/wp-content\/uploads\/2022\/12\/logo-camping-les-5-chateaux-web-200x200-1.png\" \/>\n<meta name=\"twitter:card\" content=\"summary_large_image\" \/>\n<script type=\"application\/ld+json\" class=\"yoast-schema-graph\">{\"@context\":\"https:\\\/\\\/schema.org\",\"@graph\":[{\"@type\":\"WebPage\",\"@id\":\"https:\\\/\\\/www.campingles5chateaux.com\\\/reservation-en-ligne\\\/\",\"url\":\"https:\\\/\\\/www.campingles5chateaux.com\\\/reservation-en-ligne\\\/\",\"name\":\"R\u00e9servation en Ligne - Camping Dordogne Les CINQ Ch\u00e2teaux | P\u00e9rigord Noir\",\"isPartOf\":{\"@id\":\"https:\\\/\\\/www.campingles5chateaux.com\\\/#website\"},\"primaryImageOfPage\":{\"@id\":\"https:\\\/\\\/www.campingles5chateaux.com\\\/reservation-en-ligne\\\/#primaryimage\"},\"image\":{\"@id\":\"https:\\\/\\\/www.campingles5chateaux.com\\\/reservation-en-ligne\\\/#primaryimage\"},\"thumbnailUrl\":\"https:\\\/\\\/www.campingles5chateaux.com\\\/wp-content\\\/uploads\\\/2022\\\/12\\\/logo-camping-les-5-chateaux-web-200x200-1.png\",\"datePublished\":\"2022-11-10T10:01:38+00:00\",\"dateModified\":\"2022-12-12T21:22:35+00:00\",\"breadcrumb\":{\"@id\":\"https:\\\/\\\/www.campingles5chateaux.com\\\/reservation-en-ligne\\\/#breadcrumb\"},\"inLanguage\":\"es\",\"potentialAction\":[{\"@type\":\"ReadAction\",\"target\":[\"https:\\\/\\\/www.campingles5chateaux.com\\\/reservation-en-ligne\\\/\"]}]},{\"@type\":\"ImageObject\",\"inLanguage\":\"es\",\"@id\":\"https:\\\/\\\/www.campingles5chateaux.com\\\/reservation-en-ligne\\\/#primaryimage\",\"url\":\"https:\\\/\\\/www.campingles5chateaux.com\\\/wp-content\\\/uploads\\\/2022\\\/12\\\/logo-camping-les-5-chateaux-web-200x200-1.png\",\"contentUrl\":\"https:\\\/\\\/www.campingles5chateaux.com\\\/wp-content\\\/uploads\\\/2022\\\/12\\\/logo-camping-les-5-chateaux-web-200x200-1.png\"},{\"@type\":\"BreadcrumbList\",\"@id\":\"https:\\\/\\\/www.campingles5chateaux.com\\\/reservation-en-ligne\\\/#breadcrumb\",\"itemListElement\":[{\"@type\":\"ListItem\",\"position\":1,\"name\":\"Camping les 5 ch\u00e2teaux\",\"item\":\"https:\\\/\\\/www.campingles5chateaux.com\\\/\"},{\"@type\":\"ListItem\",\"position\":2,\"name\":\"R\u00e9servation en Ligne\"}]},{\"@type\":\"WebSite\",\"@id\":\"https:\\\/\\\/www.campingles5chateaux.com\\\/#website\",\"url\":\"https:\\\/\\\/www.campingles5chateaux.com\\\/\",\"name\":\"Camping Dordogne Les CINQ Ch\u00e2teaux [ P\u00e9rigord Noir ]\",\"description\":\"Rives de Dordogne\",\"publisher\":{\"@id\":\"https:\\\/\\\/www.campingles5chateaux.com\\\/#organization\"},\"alternateName\":\"Camping les 5 ch\u00e2teaux | Dordogne - P\u00e9rigord Noir\",\"potentialAction\":[{\"@type\":\"SearchAction\",\"target\":{\"@type\":\"EntryPoint\",\"urlTemplate\":\"https:\\\/\\\/www.campingles5chateaux.com\\\/?s={search_term_string}\"},\"query-input\":{\"@type\":\"PropertyValueSpecification\",\"valueRequired\":true,\"valueName\":\"search_term_string\"}}],\"inLanguage\":\"es\"},{\"@type\":\"Organization\",\"@id\":\"https:\\\/\\\/www.campingles5chateaux.com\\\/#organization\",\"name\":\"Camping Dordogne Les CINQ Ch\u00e2teaux [ P\u00e9rigord Noir ]\",\"alternateName\":\"Camping les 5 ch\u00e2teaux | Dordogne - P\u00e9rigord Noir\",\"url\":\"https:\\\/\\\/www.campingles5chateaux.com\\\/\",\"logo\":{\"@type\":\"ImageObject\",\"inLanguage\":\"es\",\"@id\":\"https:\\\/\\\/www.campingles5chateaux.com\\\/#\\\/schema\\\/logo\\\/image\\\/\",\"url\":\"https:\\\/\\\/www.campingles5chateaux.com\\\/wp-content\\\/uploads\\\/2023\\\/12\\\/logo-2024-caamping-les-5-chateaux-200x200-1.png\",\"contentUrl\":\"https:\\\/\\\/www.campingles5chateaux.com\\\/wp-content\\\/uploads\\\/2023\\\/12\\\/logo-2024-caamping-les-5-chateaux-200x200-1.png\",\"width\":200,\"height\":200,\"caption\":\"Camping Dordogne Les CINQ Ch\u00e2teaux [ P\u00e9rigord Noir ]\"},\"image\":{\"@id\":\"https:\\\/\\\/www.campingles5chateaux.com\\\/#\\\/schema\\\/logo\\\/image\\\/\"},\"sameAs\":[\"https:\\\/\\\/www.facebook.com\\\/profile.php?id=100085429666300\",\"https:\\\/\\\/www.youtube.com\\\/@campingles5chateaux\\\/featured\"]}]}<\/script>\n<!-- \/ Yoast SEO Premium plugin. -->","yoast_head_json":{"title":"Reservas en l\u00ednea - Camping Dordogne Les CINQ Ch\u00e2teaux | P\u00e9rigord Noir","robots":{"index":"index","follow":"follow","max-snippet":"max-snippet:-1","max-image-preview":"max-image-preview:large","max-video-preview":"max-video-preview:-1"},"canonical":"https:\/\/www.campingles5chateaux.com\/es_es\/reserva-en-linea\/","og_locale":"es_ES","og_type":"article","og_title":"R\u00e9servation en Ligne","og_description":"R\u00e9server votre prochain s\u00e9jour On a d\u00e9j\u00e0 h\u00e2te de vous accueillir !","og_url":"https:\/\/www.campingles5chateaux.com\/es_es\/reserva-en-linea\/","og_site_name":"Camping Dordogne Les CINQ Ch\u00e2teaux | P\u00e9rigord Noir","article_publisher":"https:\/\/www.facebook.com\/profile.php?id=100085429666300","article_modified_time":"2022-12-12T21:22:35+00:00","og_image":[{"url":"https:\/\/www.campingles5chateaux.com\/wp-content\/uploads\/2022\/12\/logo-camping-les-5-chateaux-web-200x200-1.png","type":"","width":"","height":""}],"twitter_card":"summary_large_image","schema":{"@context":"https:\/\/schema.org","@graph":[{"@type":"WebPage","@id":"https:\/\/www.campingles5chateaux.com\/reservation-en-ligne\/","url":"https:\/\/www.campingles5chateaux.com\/reservation-en-ligne\/","name":"Reservas en l\u00ednea - Camping Dordogne Les CINQ Ch\u00e2teaux | P\u00e9rigord Noir","isPartOf":{"@id":"https:\/\/www.campingles5chateaux.com\/#website"},"primaryImageOfPage":{"@id":"https:\/\/www.campingles5chateaux.com\/reservation-en-ligne\/#primaryimage"},"image":{"@id":"https:\/\/www.campingles5chateaux.com\/reservation-en-ligne\/#primaryimage"},"thumbnailUrl":"https:\/\/www.campingles5chateaux.com\/wp-content\/uploads\/2022\/12\/logo-camping-les-5-chateaux-web-200x200-1.png","datePublished":"2022-11-10T10:01:38+00:00","dateModified":"2022-12-12T21:22:35+00:00","breadcrumb":{"@id":"https:\/\/www.campingles5chateaux.com\/reservation-en-ligne\/#breadcrumb"},"inLanguage":"es","potentialAction":[{"@type":"ReadAction","target":["https:\/\/www.campingles5chateaux.com\/reservation-en-ligne\/"]}]},{"@type":"ImageObject","inLanguage":"es","@id":"https:\/\/www.campingles5chateaux.com\/reservation-en-ligne\/#primaryimage","url":"https:\/\/www.campingles5chateaux.com\/wp-content\/uploads\/2022\/12\/logo-camping-les-5-chateaux-web-200x200-1.png","contentUrl":"https:\/\/www.campingles5chateaux.com\/wp-content\/uploads\/2022\/12\/logo-camping-les-5-chateaux-web-200x200-1.png"},{"@type":"BreadcrumbList","@id":"https:\/\/www.campingles5chateaux.com\/reservation-en-ligne\/#breadcrumb","itemListElement":[{"@type":"ListItem","position":1,"name":"Camping les 5 ch\u00e2teaux","item":"https:\/\/www.campingles5chateaux.com\/"},{"@type":"ListItem","position":2,"name":"R\u00e9servation en Ligne"}]},{"@type":"WebSite","@id":"https:\/\/www.campingles5chateaux.com\/#website","url":"https:\/\/www.campingles5chateaux.com\/","name":"Camping Dordogne Les CINQ Ch\u00e2teaux [ P\u00e9rigord Noir ]","description":"Rives de Dordogne","publisher":{"@id":"https:\/\/www.campingles5chateaux.com\/#organization"},"alternateName":"Camping les 5 ch\u00e2teaux | Dordogne - P\u00e9rigord Noir","potentialAction":[{"@type":"SearchAction","target":{"@type":"EntryPoint","urlTemplate":"https:\/\/www.campingles5chateaux.com\/?s={search_term_string}"},"query-input":{"@type":"PropertyValueSpecification","valueRequired":true,"valueName":"search_term_string"}}],"inLanguage":"es"},{"@type":"Organization","@id":"https:\/\/www.campingles5chateaux.com\/#organization","name":"Camping Dordogne Les CINQ Ch\u00e2teaux [ P\u00e9rigord Noir ]","alternateName":"Camping les 5 ch\u00e2teaux | Dordogne - P\u00e9rigord Noir","url":"https:\/\/www.campingles5chateaux.com\/","logo":{"@type":"ImageObject","inLanguage":"es","@id":"https:\/\/www.campingles5chateaux.com\/#\/schema\/logo\/image\/","url":"https:\/\/www.campingles5chateaux.com\/wp-content\/uploads\/2023\/12\/logo-2024-caamping-les-5-chateaux-200x200-1.png","contentUrl":"https:\/\/www.campingles5chateaux.com\/wp-content\/uploads\/2023\/12\/logo-2024-caamping-les-5-chateaux-200x200-1.png","width":200,"height":200,"caption":"Camping Dordogne Les CINQ Ch\u00e2teaux [ P\u00e9rigord Noir ]"},"image":{"@id":"https:\/\/www.campingles5chateaux.com\/#\/schema\/logo\/image\/"},"sameAs":["https:\/\/www.facebook.com\/profile.php?id=100085429666300","https:\/\/www.youtube.com\/@campingles5chateaux\/featured"]}]}},"_links":{"self":[{"href":"https:\/\/www.campingles5chateaux.com\/es_es\/wp-json\/wp\/v2\/pages\/1575","targetHints":{"allow":["GET"]}}],"collection":[{"href":"https:\/\/www.campingles5chateaux.com\/es_es\/wp-json\/wp\/v2\/pages"}],"about":[{"href":"https:\/\/www.campingles5chateaux.com\/es_es\/wp-json\/wp\/v2\/types\/page"}],"author":[{"embeddable":true,"href":"https:\/\/www.campingles5chateaux.com\/es_es\/wp-json\/wp\/v2\/users\/1"}],"replies":[{"embeddable":true,"href":"https:\/\/www.campingles5chateaux.com\/es_es\/wp-json\/wp\/v2\/comments?post=1575"}],"version-history":[{"count":0,"href":"https:\/\/www.campingles5chateaux.com\/es_es\/wp-json\/wp\/v2\/pages\/1575\/revisions"}],"wp:attachment":[{"href":"https:\/\/www.campingles5chateaux.com\/es_es\/wp-json\/wp\/v2\/media?parent=1575"}],"curies":[{"name":"wp","href":"https:\/\/api.w.org\/{rel}","templated":true}]}}